{"id":1163,"date":"2022-10-25T11:00:58","date_gmt":"2022-10-25T14:00:58","guid":{"rendered":"https:\/\/huellilovepetstore.com\/?post_type=product&#038;p=1163"},"modified":"2022-10-25T11:02:30","modified_gmt":"2022-10-25T14:02:30","slug":"comedero-y-bebedero-portatil","status":"publish","type":"product","link":"https:\/\/huellilovepetstore.com\/?product=comedero-y-bebedero-portatil","title":{"rendered":"Comedero y bebedero portatil"},"content":{"rendered":"<ul>\n<li>Botella 2 en 1 portatil, bebedero y comedero para perros, ideal para ir al parque a la playa o de viaje!!<\/li>\n<li>Color:<br \/>\nCeleste<\/li>\n<li>Caracter\u00edsticas:<br \/>\nTaza de doble uso, almacenamiento de agua y comida.<br \/>\nCon bot\u00f3n para liberar el agua, simple y port\u00e1til<br \/>\nTodo el cuerpo es extra\u00edble y lavable para una mayor higiene.<\/li>\n<li>Especificaci\u00f3n:<br \/>\nMaterial: PP<br \/>\nPeso: 180g<br \/>\nTama\u00f1o: 25,5*7*7cm<\/li>\n<\/ul>\n","protected":false},"excerpt":{"rendered":"<p>Botella 2 en 1 portatil, bebedero y comedero para perros, ideal para ir al parque a la playa o de viaje!! Color: Celeste Caracter\u00edsticas: Taza de doble uso, almacenamiento de agua y comida. Con bot\u00f3n para liberar el agua, simple y port\u00e1til Todo el cuerpo es extra\u00edble y lavable para una mayor higiene. Especificaci\u00f3n: Material: &hellip;<\/p>\n<p class=\"read-more\"> <a class=\"\" href=\"https:\/\/huellilovepetstore.com\/?product=comedero-y-bebedero-portatil\"> <span class=\"screen-reader-text\">Comedero y bebedero portatil<\/span> Leer m\u00e1s &raquo;<\/a><\/p>\n","protected":false},"featured_media":1165,"template":"","meta":{"site-sidebar-layout":"default","site-content-layout":"default","ast-global-header-display":"","ast-main-header-display":"","ast-hfb-above-header-display":"","ast-hfb-below-header-display":"","ast-hfb-mobile-header-display":"","site-post-title":"","ast-breadcrumbs-content":"","ast-featured-img":"","footer-sml-layout":"","theme-transparent-header-meta":"default","adv-header-id-meta":"","stick-header-meta":"","header-above-stick-meta":"","header-main-stick-meta":"","header-below-stick-meta":"","_joinchat":[]},"product_cat":[70],"product_tag":[86,141],"_links":{"self":[{"href":"https:\/\/huellilovepetstore.com\/index.php?rest_route=\/wp\/v2\/product\/1163"}],"collection":[{"href":"https:\/\/huellilovepetstore.com\/index.php?rest_route=\/wp\/v2\/product"}],"about":[{"href":"https:\/\/huellilovepetstore.com\/index.php?rest_route=\/wp\/v2\/types\/product"}],"wp:featuredmedia":[{"embeddable":true,"href":"https:\/\/huellilovepetstore.com\/index.php?rest_route=\/wp\/v2\/media\/1165"}],"wp:attachment":[{"href":"https:\/\/huellilovepetstore.com\/index.php?rest_route=%2Fwp%2Fv2%2Fmedia&parent=1163"}],"wp:term":[{"taxonomy":"product_cat","embeddable":true,"href":"https:\/\/huellilovepetstore.com\/index.php?rest_route=%2Fwp%2Fv2%2Fproduct_cat&post=1163"},{"taxonomy":"product_tag","embeddable":true,"href":"https:\/\/huellilovepetstore.com\/index.php?rest_route=%2Fwp%2Fv2%2Fproduct_tag&post=1163"}],"curies":[{"name":"wp","href":"https:\/\/api.w.org\/{rel}","templated":true}]}}