{"id":1798,"date":"2023-12-22T18:28:55","date_gmt":"2023-12-22T21:28:55","guid":{"rendered":"https:\/\/huellilovepetstore.com\/?post_type=product&#038;p=1798"},"modified":"2025-01-20T22:57:01","modified_gmt":"2025-01-21T01:57:01","slug":"collar-grabado-con-laser-con-sistema-abre-facil-para-gato","status":"publish","type":"product","link":"https:\/\/huellilovepetstore.com\/?product=collar-grabado-con-laser-con-sistema-abre-facil-para-gato","title":{"rendered":"Collar grabado con l\u00e1ser con sistema abre f\u00e1cil para gato"},"content":{"rendered":"<p>Collar grabado con l\u00e1ser con sistema abre f\u00e1cil para gato<\/p>\n<p>Viene con nombre y numero de celular<\/p>\n<p>Colores: rojo,verde,celeste,rosado,marron y lila<\/p>\n","protected":false},"excerpt":{"rendered":"<p>Collar grabado con l\u00e1ser con sistema abre f\u00e1cil para gato Viene con nombre y numero de celular Colores: rojo,verde,celeste,rosado,marron y lila<\/p>\n","protected":false},"featured_media":1811,"template":"","meta":{"site-sidebar-layout":"default","site-content-layout":"default","ast-global-header-display":"","ast-main-header-display":"","ast-hfb-above-header-display":"","ast-hfb-below-header-display":"","ast-hfb-mobile-header-display":"","site-post-title":"","ast-breadcrumbs-content":"","ast-featured-img":"","footer-sml-layout":"","theme-transparent-header-meta":"default","adv-header-id-meta":"","stick-header-meta":"","header-above-stick-meta":"","header-main-stick-meta":"","header-below-stick-meta":"","_joinchat":[]},"product_cat":[33,32],"product_tag":[],"_links":{"self":[{"href":"https:\/\/huellilovepetstore.com\/index.php?rest_route=\/wp\/v2\/product\/1798"}],"collection":[{"href":"https:\/\/huellilovepetstore.com\/index.php?rest_route=\/wp\/v2\/product"}],"about":[{"href":"https:\/\/huellilovepetstore.com\/index.php?rest_route=\/wp\/v2\/types\/product"}],"wp:featuredmedia":[{"embeddable":true,"href":"https:\/\/huellilovepetstore.com\/index.php?rest_route=\/wp\/v2\/media\/1811"}],"wp:attachment":[{"href":"https:\/\/huellilovepetstore.com\/index.php?rest_route=%2Fwp%2Fv2%2Fmedia&parent=1798"}],"wp:term":[{"taxonomy":"product_cat","embeddable":true,"href":"https:\/\/huellilovepetstore.com\/index.php?rest_route=%2Fwp%2Fv2%2Fproduct_cat&post=1798"},{"taxonomy":"product_tag","embeddable":true,"href":"https:\/\/huellilovepetstore.com\/index.php?rest_route=%2Fwp%2Fv2%2Fproduct_tag&post=1798"}],"curies":[{"name":"wp","href":"https:\/\/api.w.org\/{rel}","templated":true}]}}