{"id":282,"date":"2022-09-15T00:02:17","date_gmt":"2022-09-15T03:02:17","guid":{"rendered":"https:\/\/huellilovepetstore.com\/?post_type=product&#038;p=282"},"modified":"2025-11-24T17:37:30","modified_gmt":"2025-11-24T20:37:30","slug":"comedero-elevado-doble-para-gato","status":"publish","type":"product","link":"https:\/\/huellilovepetstore.com\/?product=comedero-elevado-doble-para-gato","title":{"rendered":"Comedero elevado doble para gato m\u00e1s nombre"},"content":{"rendered":"<p>Comederos elevados para gato m\u00e1s el nombre bordado.<br \/>\n\u00bfQue ventajas tienen estos comederos?<br \/>\n*Bowls de acero inoxidable<br \/>\n*Favorecer una buena digesti\u00f3n<br \/>\n*Evita que t\u00fa mascota adopt\u00e9 una postura incorrecta para comer (ej: acostarse)<br \/>\n*Evita problemas articulares<br \/>\n*Tiene una mayor higiene<br \/>\n*Apto para patolog\u00edas como megaesofag<\/p>\n<ul>\n<li>\n<h5><strong>Cuando finalice la compra en \u00a0NOTAS DEL PEDIDO poner el nombre de la <\/strong><strong>mascota<\/strong><\/h5>\n<\/li>\n<\/ul>\n<p>&nbsp;<\/p>\n","protected":false},"excerpt":{"rendered":"<p>Comederos elevados para gato m\u00e1s el nombre bordado. \u00bfQue ventajas tienen estos comederos? *Bowls de acero inoxidable *Favorecer una buena digesti\u00f3n *Evita que t\u00fa mascota adopt\u00e9 una postura incorrecta para comer (ej: acostarse) *Evita problemas articulares *Tiene una mayor higiene *Apto para patolog\u00edas como megaesofag Cuando finalice la compra en \u00a0NOTAS DEL PEDIDO poner el &hellip;<\/p>\n<p class=\"read-more\"> <a class=\"\" href=\"https:\/\/huellilovepetstore.com\/?product=comedero-elevado-doble-para-gato\"> <span class=\"screen-reader-text\">Comedero elevado doble para gato m\u00e1s nombre<\/span> Leer m\u00e1s &raquo;<\/a><\/p>\n","protected":false},"featured_media":253,"template":"","meta":{"site-sidebar-layout":"default","site-content-layout":"default","ast-global-header-display":"","ast-main-header-display":"","ast-hfb-above-header-display":"","ast-hfb-below-header-display":"","ast-hfb-mobile-header-display":"","site-post-title":"","ast-breadcrumbs-content":"","ast-featured-img":"","footer-sml-layout":"","theme-transparent-header-meta":"default","adv-header-id-meta":"","stick-header-meta":"","header-above-stick-meta":"","header-main-stick-meta":"","header-below-stick-meta":"","_joinchat":[]},"product_cat":[70],"product_tag":[17,77,18,76,78],"_links":{"self":[{"href":"https:\/\/huellilovepetstore.com\/index.php?rest_route=\/wp\/v2\/product\/282"}],"collection":[{"href":"https:\/\/huellilovepetstore.com\/index.php?rest_route=\/wp\/v2\/product"}],"about":[{"href":"https:\/\/huellilovepetstore.com\/index.php?rest_route=\/wp\/v2\/types\/product"}],"wp:featuredmedia":[{"embeddable":true,"href":"https:\/\/huellilovepetstore.com\/index.php?rest_route=\/wp\/v2\/media\/253"}],"wp:attachment":[{"href":"https:\/\/huellilovepetstore.com\/index.php?rest_route=%2Fwp%2Fv2%2Fmedia&parent=282"}],"wp:term":[{"taxonomy":"product_cat","embeddable":true,"href":"https:\/\/huellilovepetstore.com\/index.php?rest_route=%2Fwp%2Fv2%2Fproduct_cat&post=282"},{"taxonomy":"product_tag","embeddable":true,"href":"https:\/\/huellilovepetstore.com\/index.php?rest_route=%2Fwp%2Fv2%2Fproduct_tag&post=282"}],"curies":[{"name":"wp","href":"https:\/\/api.w.org\/{rel}","templated":true}]}}