{"id":504,"date":"2022-10-08T18:47:32","date_gmt":"2022-10-08T21:47:32","guid":{"rendered":"https:\/\/huellilovepetstore.com\/?post_type=product&#038;p=504"},"modified":"2022-10-08T18:47:32","modified_gmt":"2022-10-08T21:47:32","slug":"cucha-retangular-70x90cm","status":"publish","type":"product","link":"https:\/\/huellilovepetstore.com\/?product=cucha-retangular-70x90cm","title":{"rendered":"Cucha retangular 70x90cm"},"content":{"rendered":"<p>Nuestras cuchas est\u00e1n hechas de ecocuero\/cuero vegano. Qu\u00e9 ventajas tiene esto?:<\/p>\n<ul>\n<li>No quedan con olor de nuestros peludos No se pegan los pelos<\/li>\n<li>Son impermeables<\/li>\n<li>Son f\u00e1ciles de lavar con un trapito con agua y jab\u00f3n<\/li>\n<li>Son m\u00e1s resistentes que las telas convencionales<\/li>\n<li>Vienen con un cierre<\/li>\n<\/ul>\n","protected":false},"excerpt":{"rendered":"<p>Nuestras cuchas est\u00e1n hechas de ecocuero\/cuero vegano. Qu\u00e9 ventajas tiene esto?: No quedan con olor de nuestros peludos No se pegan los pelos Son impermeables Son f\u00e1ciles de lavar con un trapito con agua y jab\u00f3n Son m\u00e1s resistentes que las telas convencionales Vienen con un cierre<\/p>\n","protected":false},"featured_media":505,"template":"","meta":{"site-sidebar-layout":"default","site-content-layout":"default","ast-global-header-display":"","ast-main-header-display":"","ast-hfb-above-header-display":"","ast-hfb-below-header-display":"","ast-hfb-mobile-header-display":"","site-post-title":"","ast-breadcrumbs-content":"","ast-featured-img":"","footer-sml-layout":"","theme-transparent-header-meta":"default","adv-header-id-meta":"","stick-header-meta":"","header-above-stick-meta":"","header-main-stick-meta":"","header-below-stick-meta":"","_joinchat":[]},"product_cat":[92],"product_tag":[110,111,109],"_links":{"self":[{"href":"https:\/\/huellilovepetstore.com\/index.php?rest_route=\/wp\/v2\/product\/504"}],"collection":[{"href":"https:\/\/huellilovepetstore.com\/index.php?rest_route=\/wp\/v2\/product"}],"about":[{"href":"https:\/\/huellilovepetstore.com\/index.php?rest_route=\/wp\/v2\/types\/product"}],"wp:featuredmedia":[{"embeddable":true,"href":"https:\/\/huellilovepetstore.com\/index.php?rest_route=\/wp\/v2\/media\/505"}],"wp:attachment":[{"href":"https:\/\/huellilovepetstore.com\/index.php?rest_route=%2Fwp%2Fv2%2Fmedia&parent=504"}],"wp:term":[{"taxonomy":"product_cat","embeddable":true,"href":"https:\/\/huellilovepetstore.com\/index.php?rest_route=%2Fwp%2Fv2%2Fproduct_cat&post=504"},{"taxonomy":"product_tag","embeddable":true,"href":"https:\/\/huellilovepetstore.com\/index.php?rest_route=%2Fwp%2Fv2%2Fproduct_tag&post=504"}],"curies":[{"name":"wp","href":"https:\/\/api.w.org\/{rel}","templated":true}]}}