{"id":513,"date":"2022-10-08T19:57:54","date_gmt":"2022-10-08T22:57:54","guid":{"rendered":"https:\/\/huellilovepetstore.com\/?post_type=product&#038;p=513"},"modified":"2023-02-25T12:38:53","modified_gmt":"2023-02-25T15:38:53","slug":"cucha-de-ecocuero-cuero-vegano-de-65-cm-de-diametro","status":"publish","type":"product","link":"https:\/\/huellilovepetstore.com\/?product=cucha-de-ecocuero-cuero-vegano-de-65-cm-de-diametro","title":{"rendered":"Cucha de ecocuero\/cuero vegano de  65 cm de di\u00e1metro."},"content":{"rendered":"<p>Nuestras cuchas est\u00e1n hechas de ecocuero\/cuero vegano. Qu\u00e9 ventajas tiene esto?:<\/p>\n<ul>\n<li>No quedan con olor de nuestros peludos<\/li>\n<li>No se pegan los pelos<\/li>\n<li>Son f\u00e1ciles de lavar con un trapito con agua y jab\u00f3n<\/li>\n<li>Son m\u00e1s resistentes que las telas convencionales<\/li>\n<li>Son impermeables<\/li>\n<li>Vienen con un cierre<\/li>\n<li>Tama\u00f1o:65cm de di\u00e1metro<\/li>\n<\/ul>\n","protected":false},"excerpt":{"rendered":"<p>Nuestras cuchas est\u00e1n hechas de ecocuero\/cuero vegano. Qu\u00e9 ventajas tiene esto?: No quedan con olor de nuestros peludos No se pegan los pelos Son f\u00e1ciles de lavar con un trapito con agua y jab\u00f3n Son m\u00e1s resistentes que las telas convencionales Son impermeables Vienen con un cierre Tama\u00f1o:65cm de di\u00e1metro<\/p>\n","protected":false},"featured_media":514,"template":"","meta":{"site-sidebar-layout":"default","site-content-layout":"default","ast-global-header-display":"","ast-main-header-display":"","ast-hfb-above-header-display":"","ast-hfb-below-header-display":"","ast-hfb-mobile-header-display":"","site-post-title":"","ast-breadcrumbs-content":"","ast-featured-img":"","footer-sml-layout":"","theme-transparent-header-meta":"default","adv-header-id-meta":"","stick-header-meta":"","header-above-stick-meta":"","header-main-stick-meta":"","header-below-stick-meta":"","_joinchat":[]},"product_cat":[15],"product_tag":[110,113,115,114],"_links":{"self":[{"href":"https:\/\/huellilovepetstore.com\/index.php?rest_route=\/wp\/v2\/product\/513"}],"collection":[{"href":"https:\/\/huellilovepetstore.com\/index.php?rest_route=\/wp\/v2\/product"}],"about":[{"href":"https:\/\/huellilovepetstore.com\/index.php?rest_route=\/wp\/v2\/types\/product"}],"wp:featuredmedia":[{"embeddable":true,"href":"https:\/\/huellilovepetstore.com\/index.php?rest_route=\/wp\/v2\/media\/514"}],"wp:attachment":[{"href":"https:\/\/huellilovepetstore.com\/index.php?rest_route=%2Fwp%2Fv2%2Fmedia&parent=513"}],"wp:term":[{"taxonomy":"product_cat","embeddable":true,"href":"https:\/\/huellilovepetstore.com\/index.php?rest_route=%2Fwp%2Fv2%2Fproduct_cat&post=513"},{"taxonomy":"product_tag","embeddable":true,"href":"https:\/\/huellilovepetstore.com\/index.php?rest_route=%2Fwp%2Fv2%2Fproduct_tag&post=513"}],"curies":[{"name":"wp","href":"https:\/\/api.w.org\/{rel}","templated":true}]}}