{"id":557,"date":"2022-10-11T00:26:45","date_gmt":"2022-10-11T03:26:45","guid":{"rendered":"https:\/\/huellilovepetstore.com\/?post_type=product&#038;p=557"},"modified":"2022-10-27T19:52:38","modified_gmt":"2022-10-27T22:52:38","slug":"pechera-bordada-para-perro-mas-correa","status":"publish","type":"product","link":"https:\/\/huellilovepetstore.com\/?product=pechera-bordada-para-perro-mas-correa","title":{"rendered":"Pechera bordada para perro m\u00e1s correa"},"content":{"rendered":"<ul>\n<li>Arn\u00e9s, pretal para perros m\u00e1s correa. Con nombre y numero bordado.Correa de 2cm de ancho y 120cm de largo.<br \/>\nArn\u00e9s ajustable y regulable.<br \/>\nMaterial transpirable y reflectivo.<br \/>\nColores disponibles Negro y Azul<\/li>\n<li><strong>Cuando finalice la compra en \u00a0NOTAS DEL PEDIDO poner la circunferencia del cuello, el nombre de la <\/strong><strong>mascota numero y si va a querer un coraz\u00f3n o una huella que divida el nombre del numero.\u00a0<\/strong><\/li>\n<\/ul>\n<p>&nbsp;<\/p>\n","protected":false},"excerpt":{"rendered":"<p>Arn\u00e9s, pretal para perros m\u00e1s correa. Con nombre y numero bordado.Correa de 2cm de ancho y 120cm de largo. Arn\u00e9s ajustable y regulable. Material transpirable y reflectivo. Colores disponibles Negro y Azul Cuando finalice la compra en \u00a0NOTAS DEL PEDIDO poner la circunferencia del cuello, el nombre de la mascota numero y si va a &hellip;<\/p>\n<p class=\"read-more\"> <a class=\"\" href=\"https:\/\/huellilovepetstore.com\/?product=pechera-bordada-para-perro-mas-correa\"> <span class=\"screen-reader-text\">Pechera bordada para perro m\u00e1s correa<\/span> Leer m\u00e1s &raquo;<\/a><\/p>\n","protected":false},"featured_media":558,"template":"","meta":{"site-sidebar-layout":"default","site-content-layout":"default","ast-global-header-display":"","ast-main-header-display":"","ast-hfb-above-header-display":"","ast-hfb-below-header-display":"","ast-hfb-mobile-header-display":"","site-post-title":"","ast-breadcrumbs-content":"","ast-featured-img":"","footer-sml-layout":"","theme-transparent-header-meta":"default","adv-header-id-meta":"","stick-header-meta":"","header-above-stick-meta":"","header-main-stick-meta":"","header-below-stick-meta":"","_joinchat":[]},"product_cat":[33],"product_tag":[95,125,97,96,124],"_links":{"self":[{"href":"https:\/\/huellilovepetstore.com\/index.php?rest_route=\/wp\/v2\/product\/557"}],"collection":[{"href":"https:\/\/huellilovepetstore.com\/index.php?rest_route=\/wp\/v2\/product"}],"about":[{"href":"https:\/\/huellilovepetstore.com\/index.php?rest_route=\/wp\/v2\/types\/product"}],"wp:featuredmedia":[{"embeddable":true,"href":"https:\/\/huellilovepetstore.com\/index.php?rest_route=\/wp\/v2\/media\/558"}],"wp:attachment":[{"href":"https:\/\/huellilovepetstore.com\/index.php?rest_route=%2Fwp%2Fv2%2Fmedia&parent=557"}],"wp:term":[{"taxonomy":"product_cat","embeddable":true,"href":"https:\/\/huellilovepetstore.com\/index.php?rest_route=%2Fwp%2Fv2%2Fproduct_cat&post=557"},{"taxonomy":"product_tag","embeddable":true,"href":"https:\/\/huellilovepetstore.com\/index.php?rest_route=%2Fwp%2Fv2%2Fproduct_tag&post=557"}],"curies":[{"name":"wp","href":"https:\/\/api.w.org\/{rel}","templated":true}]}}