{"id":565,"date":"2022-10-11T00:40:02","date_gmt":"2022-10-11T03:40:02","guid":{"rendered":"https:\/\/huellilovepetstore.com\/?post_type=product&#038;p=565"},"modified":"2023-02-23T23:43:48","modified_gmt":"2023-02-24T02:43:48","slug":"pechera-bordada-para-perros-mediananos-y-grandes-mas-una-correa","status":"publish","type":"product","link":"https:\/\/huellilovepetstore.com\/?product=pechera-bordada-para-perros-mediananos-y-grandes-mas-una-correa","title":{"rendered":"Pechera bordada para perros mediananos y grandes mas una correa"},"content":{"rendered":"<ul>\n<li>Pechera bordada con el nombre y un numero de celular m\u00e1s una corra<\/li>\n<li>Largo total de la corra: 120cm<br \/>\nLargo m\u00e1ximo del cuello y del pecho 60cm<br \/>\nLargo m\u00ednimo del cuello y del pecho 39cm<br \/>\nColor: negro y rojo<\/li>\n<li><strong>Cuando finalice la compra en \u00a0NOTAS DEL PEDIDO poner el nombre de la <\/strong><strong>mascota,numero y si va a querer un coraz\u00f3n o una huella que divida el nombre del numero.\u00a0<\/strong><\/li>\n<\/ul>\n","protected":false},"excerpt":{"rendered":"<p>Pechera bordada con el nombre y un numero de celular m\u00e1s una corra Largo total de la corra: 120cm Largo m\u00e1ximo del cuello y del pecho 60cm Largo m\u00ednimo del cuello y del pecho 39cm Color: negro y rojo Cuando finalice la compra en \u00a0NOTAS DEL PEDIDO poner el nombre de la mascota,numero y si &hellip;<\/p>\n<p class=\"read-more\"> <a class=\"\" href=\"https:\/\/huellilovepetstore.com\/?product=pechera-bordada-para-perros-mediananos-y-grandes-mas-una-correa\"> <span class=\"screen-reader-text\">Pechera bordada para perros mediananos y grandes mas una correa<\/span> Leer m\u00e1s &raquo;<\/a><\/p>\n","protected":false},"featured_media":446,"template":"","meta":{"site-sidebar-layout":"default","site-content-layout":"default","ast-global-header-display":"","ast-main-header-display":"","ast-hfb-above-header-display":"","ast-hfb-below-header-display":"","ast-hfb-mobile-header-display":"","site-post-title":"","ast-breadcrumbs-content":"","ast-featured-img":"","footer-sml-layout":"","theme-transparent-header-meta":"default","adv-header-id-meta":"","stick-header-meta":"","header-above-stick-meta":"","header-main-stick-meta":"","header-below-stick-meta":"","_joinchat":[]},"product_cat":[33],"product_tag":[95,125,94,96,124],"_links":{"self":[{"href":"https:\/\/huellilovepetstore.com\/index.php?rest_route=\/wp\/v2\/product\/565"}],"collection":[{"href":"https:\/\/huellilovepetstore.com\/index.php?rest_route=\/wp\/v2\/product"}],"about":[{"href":"https:\/\/huellilovepetstore.com\/index.php?rest_route=\/wp\/v2\/types\/product"}],"wp:featuredmedia":[{"embeddable":true,"href":"https:\/\/huellilovepetstore.com\/index.php?rest_route=\/wp\/v2\/media\/446"}],"wp:attachment":[{"href":"https:\/\/huellilovepetstore.com\/index.php?rest_route=%2Fwp%2Fv2%2Fmedia&parent=565"}],"wp:term":[{"taxonomy":"product_cat","embeddable":true,"href":"https:\/\/huellilovepetstore.com\/index.php?rest_route=%2Fwp%2Fv2%2Fproduct_cat&post=565"},{"taxonomy":"product_tag","embeddable":true,"href":"https:\/\/huellilovepetstore.com\/index.php?rest_route=%2Fwp%2Fv2%2Fproduct_tag&post=565"}],"curies":[{"name":"wp","href":"https:\/\/api.w.org\/{rel}","templated":true}]}}