{"id":76,"date":"2022-09-08T22:52:30","date_gmt":"2022-09-09T01:52:30","guid":{"rendered":"https:\/\/huellilovepetstore.com\/?post_type=product&#038;p=76"},"modified":"2022-09-08T22:52:33","modified_gmt":"2022-09-09T01:52:33","slug":"comedero-elevado-para-perros-grandes-altura-30cm","status":"publish","type":"product","link":"https:\/\/huellilovepetstore.com\/?product=comedero-elevado-para-perros-grandes-altura-30cm","title":{"rendered":"Comedero elevado para perros grandes, altura 30cm"},"content":{"rendered":"<p>Comederos para perros m\u00e1s el nombre bordado.<\/p>\n<ul>\n<li>Altura 30cm<\/li>\n<li>Ancho 22cm<\/li>\n<li>Largo 45cm<\/li>\n<li>Di\u00e1metro \u00a0de los bowls 20cm<br \/>\n\u00bfQue ventajas tienen estos comederos?<br \/>\n*Bowls de acero inoxidable<br \/>\n*Favorecer una buena digesti\u00f3n<br \/>\n*Evita que t\u00fa mascota adopt\u00e9 una postura incorrecta para comer (ej: acostarse)<br \/>\n*Evita problemas articulares<br \/>\n*Tiene una mayor higiene<br \/>\n*Apto para patolog\u00edas como megaesofago<\/li>\n<\/ul>\n","protected":false},"excerpt":{"rendered":"<p>Comederos para perros m\u00e1s el nombre bordado. Altura 30cm Ancho 22cm Largo 45cm Di\u00e1metro \u00a0de los bowls 20cm \u00bfQue ventajas tienen estos comederos? *Bowls de acero inoxidable *Favorecer una buena digesti\u00f3n *Evita que t\u00fa mascota adopt\u00e9 una postura incorrecta para comer (ej: acostarse) *Evita problemas articulares *Tiene una mayor higiene *Apto para patolog\u00edas como megaesofago<\/p>\n","protected":false},"featured_media":43,"template":"","meta":{"site-sidebar-layout":"default","site-content-layout":"default","ast-global-header-display":"","ast-main-header-display":"","ast-hfb-above-header-display":"","ast-hfb-below-header-display":"","ast-hfb-mobile-header-display":"","site-post-title":"","ast-breadcrumbs-content":"","ast-featured-img":"","footer-sml-layout":"","theme-transparent-header-meta":"default","adv-header-id-meta":"","stick-header-meta":"","header-above-stick-meta":"","header-main-stick-meta":"","header-below-stick-meta":"","_joinchat":[]},"product_cat":[15],"product_tag":[23,17,18,20,19,22,21],"_links":{"self":[{"href":"https:\/\/huellilovepetstore.com\/index.php?rest_route=\/wp\/v2\/product\/76"}],"collection":[{"href":"https:\/\/huellilovepetstore.com\/index.php?rest_route=\/wp\/v2\/product"}],"about":[{"href":"https:\/\/huellilovepetstore.com\/index.php?rest_route=\/wp\/v2\/types\/product"}],"wp:featuredmedia":[{"embeddable":true,"href":"https:\/\/huellilovepetstore.com\/index.php?rest_route=\/wp\/v2\/media\/43"}],"wp:attachment":[{"href":"https:\/\/huellilovepetstore.com\/index.php?rest_route=%2Fwp%2Fv2%2Fmedia&parent=76"}],"wp:term":[{"taxonomy":"product_cat","embeddable":true,"href":"https:\/\/huellilovepetstore.com\/index.php?rest_route=%2Fwp%2Fv2%2Fproduct_cat&post=76"},{"taxonomy":"product_tag","embeddable":true,"href":"https:\/\/huellilovepetstore.com\/index.php?rest_route=%2Fwp%2Fv2%2Fproduct_tag&post=76"}],"curies":[{"name":"wp","href":"https:\/\/api.w.org\/{rel}","templated":true}]}}