{"id":79,"date":"2022-09-08T23:18:01","date_gmt":"2022-09-09T02:18:01","guid":{"rendered":"https:\/\/huellilovepetstore.com\/?post_type=product&#038;p=79"},"modified":"2023-04-10T18:27:04","modified_gmt":"2023-04-10T21:27:04","slug":"hamaca-para-gato-para-colocar-en-ventanas-soporta-25kg","status":"publish","type":"product","link":"https:\/\/huellilovepetstore.com\/?product=hamaca-para-gato-para-colocar-en-ventanas-soporta-25kg","title":{"rendered":"Hamaca para gato para colocar en ventanas, soporta 22kg"},"content":{"rendered":"<p>El lugar favorito de tu gatito.<br \/>\nLos colores disponibles son negro, rosado, azul y beige<br \/>\nCon est\u00e1 hamaca tu gatito va a poder disfrutar del sol y observar hacia el exterior.<br \/>\nF\u00e1cil colocaci\u00f3n,se pega a la venta con sus poderosas ventosas.<br \/>\nSoporta hasta 22kg, cuerdas de alambre.<br \/>\nLavables<\/p>\n","protected":false},"excerpt":{"rendered":"<p>El lugar favorito de tu gatito. Los colores disponibles son negro, rosado, azul y beige Con est\u00e1 hamaca tu gatito va a poder disfrutar del sol y observar hacia el exterior. F\u00e1cil colocaci\u00f3n,se pega a la venta con sus poderosas ventosas. Soporta hasta 22kg, cuerdas de alambre. Lavables<\/p>\n","protected":false},"featured_media":40,"template":"","meta":{"site-sidebar-layout":"default","site-content-layout":"default","ast-global-header-display":"","ast-main-header-display":"","ast-hfb-above-header-display":"","ast-hfb-below-header-display":"","ast-hfb-mobile-header-display":"","site-post-title":"","ast-breadcrumbs-content":"","ast-featured-img":"","footer-sml-layout":"","theme-transparent-header-meta":"default","adv-header-id-meta":"","stick-header-meta":"","header-above-stick-meta":"","header-main-stick-meta":"","header-below-stick-meta":"","_joinchat":[]},"product_cat":[92],"product_tag":[31,27,26,28,29,30,25,24],"_links":{"self":[{"href":"https:\/\/huellilovepetstore.com\/index.php?rest_route=\/wp\/v2\/product\/79"}],"collection":[{"href":"https:\/\/huellilovepetstore.com\/index.php?rest_route=\/wp\/v2\/product"}],"about":[{"href":"https:\/\/huellilovepetstore.com\/index.php?rest_route=\/wp\/v2\/types\/product"}],"wp:featuredmedia":[{"embeddable":true,"href":"https:\/\/huellilovepetstore.com\/index.php?rest_route=\/wp\/v2\/media\/40"}],"wp:attachment":[{"href":"https:\/\/huellilovepetstore.com\/index.php?rest_route=%2Fwp%2Fv2%2Fmedia&parent=79"}],"wp:term":[{"taxonomy":"product_cat","embeddable":true,"href":"https:\/\/huellilovepetstore.com\/index.php?rest_route=%2Fwp%2Fv2%2Fproduct_cat&post=79"},{"taxonomy":"product_tag","embeddable":true,"href":"https:\/\/huellilovepetstore.com\/index.php?rest_route=%2Fwp%2Fv2%2Fproduct_tag&post=79"}],"curies":[{"name":"wp","href":"https:\/\/api.w.org\/{rel}","templated":true}]}}