{"id":89,"date":"2022-09-09T16:32:39","date_gmt":"2022-09-09T19:32:39","guid":{"rendered":"https:\/\/huellilovepetstore.com\/?post_type=product&#038;p=89"},"modified":"2022-09-13T22:16:29","modified_gmt":"2022-09-14T01:16:29","slug":"cliker-entrenador-para-perros","status":"publish","type":"product","link":"https:\/\/huellilovepetstore.com\/?product=cliker-entrenador-para-perros","title":{"rendered":"Cliker entrenador para perros"},"content":{"rendered":"<p>Ya lleg\u00f3 los clikers para entrenar a tu perrito!!!<\/p>\n<p>Antes de empezar a entrenar a tu perro en obediencia canina, tienes que cargar el clicker, eso consiste en hacer que tu perro asocie el sonido de este dispositivo (el click) con cosas agradables.<br \/>\nLugo se podr\u00e1 dar \u00f3rdenes usando el cliker y comida<br \/>\nC\u00f3mo funcionan?<br \/>\nHaz sonar el clicker sin que tu perro lo vea, y un par de segundos despu\u00e9s, dale la recompensa con la otra mano.<br \/>\nRepite la operaci\u00f3n unas 10 veces, y descansa un rato.<br \/>\nComprueba que tu perro ha hecho la asociaci\u00f3n haciendo sonar el clicker una vez. Si el perro te mira, es porque espera una golosina.<\/p>\n<p>&nbsp;<\/p>\n","protected":false},"excerpt":{"rendered":"<p>Ya lleg\u00f3 los clikers para entrenar a tu perrito!!! Antes de empezar a entrenar a tu perro en obediencia canina, tienes que cargar el clicker, eso consiste en hacer que tu perro asocie el sonido de este dispositivo (el click) con cosas agradables. Lugo se podr\u00e1 dar \u00f3rdenes usando el cliker y comida C\u00f3mo funcionan? &hellip;<\/p>\n<p class=\"read-more\"> <a class=\"\" href=\"https:\/\/huellilovepetstore.com\/?product=cliker-entrenador-para-perros\"> <span class=\"screen-reader-text\">Cliker entrenador para perros<\/span> Leer m\u00e1s &raquo;<\/a><\/p>\n","protected":false},"featured_media":44,"template":"","meta":{"site-sidebar-layout":"default","site-content-layout":"default","ast-global-header-display":"","ast-main-header-display":"","ast-hfb-above-header-display":"","ast-hfb-below-header-display":"","ast-hfb-mobile-header-display":"","site-post-title":"","ast-breadcrumbs-content":"","ast-featured-img":"","footer-sml-layout":"","theme-transparent-header-meta":"default","adv-header-id-meta":"","stick-header-meta":"","header-above-stick-meta":"","header-main-stick-meta":"","header-below-stick-meta":"","_joinchat":[]},"product_cat":[44],"product_tag":[42,43,39,40,41],"_links":{"self":[{"href":"https:\/\/huellilovepetstore.com\/index.php?rest_route=\/wp\/v2\/product\/89"}],"collection":[{"href":"https:\/\/huellilovepetstore.com\/index.php?rest_route=\/wp\/v2\/product"}],"about":[{"href":"https:\/\/huellilovepetstore.com\/index.php?rest_route=\/wp\/v2\/types\/product"}],"wp:featuredmedia":[{"embeddable":true,"href":"https:\/\/huellilovepetstore.com\/index.php?rest_route=\/wp\/v2\/media\/44"}],"wp:attachment":[{"href":"https:\/\/huellilovepetstore.com\/index.php?rest_route=%2Fwp%2Fv2%2Fmedia&parent=89"}],"wp:term":[{"taxonomy":"product_cat","embeddable":true,"href":"https:\/\/huellilovepetstore.com\/index.php?rest_route=%2Fwp%2Fv2%2Fproduct_cat&post=89"},{"taxonomy":"product_tag","embeddable":true,"href":"https:\/\/huellilovepetstore.com\/index.php?rest_route=%2Fwp%2Fv2%2Fproduct_tag&post=89"}],"curies":[{"name":"wp","href":"https:\/\/api.w.org\/{rel}","templated":true}]}}